{"id":60,"date":"2021-08-26T12:26:53","date_gmt":"2021-08-26T12:26:53","guid":{"rendered":"http:\/\/dummy.xtemos.com\/woodmart2\/elementor\/?page_id=60"},"modified":"2023-05-24T10:37:33","modified_gmt":"2023-05-24T10:37:33","slug":"wishlist","status":"publish","type":"page","link":"https:\/\/bianashoes.mk\/sq\/wishlist\/","title":{"rendered":"Lista e d\u00ebshirave"},"content":{"rendered":"<div class=\"\" >\n\t\t\t\t\t\t<div class=\"wd-wishlist-content\">\n\t\t\t\t\t\t\t\t\t\t\t\n\t\t<p class=\"wd-empty-wishlist wd-empty-page\">\n\t\t\tThis wishlist is empty.\t\t<\/p>\n\n\t\t\t\t\t<div class=\"wd-empty-page-text translation-block\">Nuk keni ende asnj\u00eb produkt n\u00eb list\u00ebn e d\u00ebshirave. <br> Do t\u00eb gjeni shum\u00eb produkte interesante n\u00eb faqen ton\u00eb.<\/div>\n\t\t\n\t\t\n\t\t\t\t\t<p class=\"return-to-shop\">\n\t\t\t\t<a class=\"button\" href=\"https:\/\/bianashoes.mk\/sq\/shop\/\">\n\t\t\t\t\tReturn to shop\t\t\t\t<\/a>\n\t\t\t<\/p>\n\t\t\t\t\t\t\t\t\t\t\t<\/div>\n\t\t\t\t<\/div>","protected":false},"excerpt":{"rendered":"","protected":false},"author":1,"featured_media":0,"parent":0,"menu_order":0,"comment_status":"closed","ping_status":"closed","template":"","meta":{"footnotes":""},"class_list":["post-60","page","type-page","status-publish","hentry"],"jetpack_sharing_enabled":true,"_links":{"self":[{"href":"https:\/\/bianashoes.mk\/sq\/wp-json\/wp\/v2\/pages\/60","targetHints":{"allow":["GET"]}}],"collection":[{"href":"https:\/\/bianashoes.mk\/sq\/wp-json\/wp\/v2\/pages"}],"about":[{"href":"https:\/\/bianashoes.mk\/sq\/wp-json\/wp\/v2\/types\/page"}],"author":[{"embeddable":true,"href":"https:\/\/bianashoes.mk\/sq\/wp-json\/wp\/v2\/users\/1"}],"replies":[{"embeddable":true,"href":"https:\/\/bianashoes.mk\/sq\/wp-json\/wp\/v2\/comments?post=60"}],"version-history":[{"count":2,"href":"https:\/\/bianashoes.mk\/sq\/wp-json\/wp\/v2\/pages\/60\/revisions"}],"predecessor-version":[{"id":16631,"href":"https:\/\/bianashoes.mk\/sq\/wp-json\/wp\/v2\/pages\/60\/revisions\/16631"}],"wp:attachment":[{"href":"https:\/\/bianashoes.mk\/sq\/wp-json\/wp\/v2\/media?parent=60"}],"curies":[{"name":"wp","href":"https:\/\/api.w.org\/{rel}","templated":true}]}}