{"id":4400,"date":"2021-10-12T15:51:09","date_gmt":"2021-10-12T15:51:09","guid":{"rendered":"http:\/\/dummy.xtemos.com\/woodmart2\/elementor\/?page_id=4400"},"modified":"2023-05-17T17:10:11","modified_gmt":"2023-05-17T17:10:11","slug":"about","status":"publish","type":"page","link":"https:\/\/bianashoes.mk\/sq\/about\/","title":{"rendered":"Rreth Nesh"},"content":{"rendered":"<div data-elementor-type=\"wp-page\" data-elementor-id=\"4400\" class=\"elementor elementor-4400\">\n\t\t\t\t\t\t<section class=\"wd-negative-gap elementor-section elementor-top-section elementor-element elementor-element-3c548bca elementor-reverse-tablet elementor-reverse-mobile elementor-section-boxed elementor-section-height-default elementor-section-height-default\" data-id=\"3c548bca\" data-element_type=\"section\" data-e-type=\"section\">\n\t\t\t\t\t\t<div class=\"elementor-container elementor-column-gap-default\">\n\t\t\t\t\t<div class=\"elementor-column elementor-col-50 elementor-top-column elementor-element elementor-element-1d354ed7\" data-id=\"1d354ed7\" data-element_type=\"column\" data-e-type=\"column\">\n\t\t\t<div class=\"elementor-widget-wrap elementor-element-populated\">\n\t\t\t\t\t\t<div class=\"elementor-element elementor-element-3b8f1c6 elementor-widget elementor-widget-wd_image_or_svg\" data-id=\"3b8f1c6\" data-element_type=\"widget\" data-e-type=\"widget\" data-widget_type=\"wd_image_or_svg.default\">\n\t\t\t\t<div class=\"elementor-widget-container\">\n\t\t\t\t\t\n\t\t<div class=\"wd-image text-left\">\n\t\t\t\t\t\t\t\t<img loading=\"lazy\" decoding=\"async\" width=\"900\" height=\"740\" src=\"https:\/\/bianashoes.mk\/wp-content\/uploads\/2023\/05\/shoes.jpg\" class=\"attachment-full size-full\" alt=\"\" srcset=\"https:\/\/bianashoes.mk\/wp-content\/uploads\/2023\/05\/shoes.jpg 900w, https:\/\/bianashoes.mk\/wp-content\/uploads\/2023\/05\/shoes-365x300.jpg 365w, https:\/\/bianashoes.mk\/wp-content\/uploads\/2023\/05\/shoes-768x631.jpg 768w, https:\/\/bianashoes.mk\/wp-content\/uploads\/2023\/05\/shoes-15x12.jpg 15w, https:\/\/bianashoes.mk\/wp-content\/uploads\/2023\/05\/shoes-860x707.jpg 860w, https:\/\/bianashoes.mk\/wp-content\/uploads\/2023\/05\/shoes-430x354.jpg 430w, https:\/\/bianashoes.mk\/wp-content\/uploads\/2023\/05\/shoes-700x576.jpg 700w, https:\/\/bianashoes.mk\/wp-content\/uploads\/2023\/05\/shoes-150x123.jpg 150w\" sizes=\"auto, (max-width: 900px) 100vw, 900px\" \/>\t\t\t\t\t<\/div>\n\n\t\t\t\t\t\t<\/div>\n\t\t\t\t<\/div>\n\t\t\t\t\t<\/div>\n\t\t<\/div>\n\t\t\t\t<div class=\"elementor-column elementor-col-50 elementor-top-column elementor-element elementor-element-7a9daa7\" data-id=\"7a9daa7\" data-element_type=\"column\" data-e-type=\"column\">\n\t\t\t<div class=\"elementor-widget-wrap elementor-element-populated\">\n\t\t\t\t\t\t<div class=\"elementor-element elementor-element-cf34ae6 elementor-widget__width-initial elementor-widget elementor-widget-wd_text_block\" data-id=\"cf34ae6\" data-element_type=\"widget\" data-e-type=\"widget\" data-widget_type=\"wd_text_block.default\">\n\t\t\t\t<div class=\"elementor-widget-container\">\n\t\t\t\t\t\t\t<div class=\"wd-text-block reset-last-child text-left\">\n\t\t\t\n\t\t\t<p style=\"text-align: left;\"><span style=\"color: #000000;\">Biana Shoes u themelua n\u00eb vitin 1993 dhe \u00ebsht\u00eb nj\u00eb pionier n\u00eb industrin\u00eb e k\u00ebpuc\u00ebve n\u00eb Republik\u00ebn e Maqedonis\u00eb. Aktiviteti kryesor i kompanis\u00eb \u00ebsht\u00eb prodhimi i k\u00ebpuc\u00ebve p\u00ebr femra p\u00ebr \u00e7do dit\u00eb dhe raste t\u00eb ve\u00e7anta mbr\u00ebmjeje. Ekipi i Biana Shoes punon vazhdimisht n\u00eb hap me koh\u00ebn dhe trendet, gj\u00eb q\u00eb d\u00ebshmohet nga njohja e mark\u00ebs s\u00eb k\u00ebpuc\u00ebve p\u00ebr femra Biana Shoes n\u00eb tregjet vendase dhe t\u00eb huaja.<\/span><\/p>\n<p style=\"text-align: left;\"><span style=\"color: #000000;\">Biana ka 50 punonj\u00ebs dhe dizajner\u00eb shum\u00eb t\u00eb kualifikuar dhe t\u00eb trajnuar profesionalisht. Koleksioni Biana Shoes \u00ebsht\u00eb b\u00ebr\u00eb nga materiale me cil\u00ebsi t\u00eb lart\u00eb, duke ofruar rehati dhe leht\u00ebsi l\u00ebvizjeje. Modelet Biana Shoes ofrojn\u00eb shum\u00eb ngjyra dhe modele. Mund t\u00eb zgjidhni nga k\u00ebpuc\u00eb me taka, sandale t\u00eb mbyllura, k\u00ebpuc\u00eb, \u00e7izme. Taka t\u00eb larta ose plot\u00ebsisht t\u00eb sheshta.<\/span><\/p>\n<p style=\"text-align: left;\"><span style=\"color: #000000;\">Ne mbetemi n\u00eb dispozicionin tuaj p\u00ebr informacione shtes\u00eb dhe shpresojm\u00eb p\u00ebr nj\u00eb bashk\u00ebpunim afatgjat\u00eb biznesi me ju.<\/span><\/p>\n\n\t\t\t\t\t<\/div>\n\t\t\t\t\t\t<\/div>\n\t\t\t\t<\/div>\n\t\t\t\t\t<\/div>\n\t\t<\/div>\n\t\t\t\t\t<\/div>\n\t\t<\/section>\n\t\t\t\t<section class=\"wd-negative-gap elementor-section elementor-top-section elementor-element elementor-element-d672c94 elementor-section-boxed elementor-section-height-default elementor-section-height-default\" data-id=\"d672c94\" data-element_type=\"section\" data-e-type=\"section\">\n\t\t\t\t\t\t<div class=\"elementor-container elementor-column-gap-default\">\n\t\t\t\t\t<div class=\"elementor-column elementor-col-50 elementor-top-column elementor-element elementor-element-a9dd00e\" data-id=\"a9dd00e\" data-element_type=\"column\" data-e-type=\"column\">\n\t\t\t<div class=\"elementor-widget-wrap elementor-element-populated\">\n\t\t\t\t\t\t<div class=\"elementor-element elementor-element-c871892 elementor-widget__width-initial elementor-widget elementor-widget-wd_text_block\" data-id=\"c871892\" data-element_type=\"widget\" data-e-type=\"widget\" data-widget_type=\"wd_text_block.default\">\n\t\t\t\t<div class=\"elementor-widget-container\">\n\t\t\t\t\t\t\t<div class=\"wd-text-block reset-last-child text-left\">\n\t\t\t\n\t\t\t<h1>Tradit\u00eb<\/h1>\n<p><span style=\"color: #000000;\">Prodhimi i k\u00ebpuc\u00ebve n\u00eb Kumanov\u00eb ka nj\u00eb tradit\u00eb t\u00eb pasur dhe t\u00eb gjat\u00eb q\u00eb daton q\u00eb nga shekulli i 19-t\u00eb. Duke u shfaqur si nj\u00eb nga zanatet karakteristike t\u00eb k\u00ebtij rajoni, prodhimi i k\u00ebpuc\u00ebve \u00ebsht\u00eb sot nj\u00eb sektor i r\u00ebnd\u00ebsish\u00ebm ekonomik n\u00eb Kumanov\u00eb.<\/span><\/p>\n<p><span style=\"color: #000000;\">Nj\u00eb sinonim p\u00ebr k\u00ebpuc\u00eb cil\u00ebsore, dhe nj\u00ebkoh\u00ebsisht nj\u00eb gjenerator i personelit profesional dhe krijues n\u00eb industrin\u00eb e k\u00ebpuc\u00ebve, ishte Fabrika CHIK, e njohur si Universiteti i K\u00ebpuc\u00ebve n\u00eb Ballkan. Ishin k\u00ebta njer\u00ebz q\u00eb vazhduan tradit\u00ebn e suksesshme t\u00eb k\u00ebpuc\u00ebve edhe pas mbylljes s\u00eb fabrik\u00ebs. Fal\u00eb njohurive, k\u00ebmb\u00ebnguljes dhe kreativitetit t\u00eb tyre, sot n\u00eb k\u00ebt\u00eb industri jan\u00eb formuar disa kompani private, prandaj k\u00ebpucaria n\u00eb Kumanov\u00eb po p\u00ebrjeton nj\u00eb bum t\u00eb ri.<\/span><\/p>\n\n\t\t\t\t\t<\/div>\n\t\t\t\t\t\t<\/div>\n\t\t\t\t<\/div>\n\t\t\t\t\t<\/div>\n\t\t<\/div>\n\t\t\t\t<div class=\"elementor-column elementor-col-50 elementor-top-column elementor-element elementor-element-7efce21\" data-id=\"7efce21\" data-element_type=\"column\" data-e-type=\"column\">\n\t\t\t<div class=\"elementor-widget-wrap elementor-element-populated\">\n\t\t\t\t\t\t<div class=\"elementor-element elementor-element-374cd59 elementor-widget elementor-widget-wd_image_or_svg\" data-id=\"374cd59\" data-element_type=\"widget\" data-e-type=\"widget\" data-widget_type=\"wd_image_or_svg.default\">\n\t\t\t\t<div class=\"elementor-widget-container\">\n\t\t\t\t\t\n\t\t<div class=\"wd-image text-left\">\n\t\t\t\t\t\t\t\t<img loading=\"lazy\" decoding=\"async\" width=\"1200\" height=\"967\" src=\"https:\/\/bianashoes.mk\/wp-content\/uploads\/2023\/05\/Skor_fran_1700-_till_1960-talet_-_Nordiska_Museet_-_NMA.00563021.jpg\" class=\"attachment-full size-full\" alt=\"\" srcset=\"https:\/\/bianashoes.mk\/wp-content\/uploads\/2023\/05\/Skor_fran_1700-_till_1960-talet_-_Nordiska_Museet_-_NMA.00563021.jpg 1200w, https:\/\/bianashoes.mk\/wp-content\/uploads\/2023\/05\/Skor_fran_1700-_till_1960-talet_-_Nordiska_Museet_-_NMA.00563021-372x300.jpg 372w, https:\/\/bianashoes.mk\/wp-content\/uploads\/2023\/05\/Skor_fran_1700-_till_1960-talet_-_Nordiska_Museet_-_NMA.00563021-993x800.jpg 993w, https:\/\/bianashoes.mk\/wp-content\/uploads\/2023\/05\/Skor_fran_1700-_till_1960-talet_-_Nordiska_Museet_-_NMA.00563021-768x619.jpg 768w, https:\/\/bianashoes.mk\/wp-content\/uploads\/2023\/05\/Skor_fran_1700-_till_1960-talet_-_Nordiska_Museet_-_NMA.00563021-15x12.jpg 15w, https:\/\/bianashoes.mk\/wp-content\/uploads\/2023\/05\/Skor_fran_1700-_till_1960-talet_-_Nordiska_Museet_-_NMA.00563021-860x693.jpg 860w, https:\/\/bianashoes.mk\/wp-content\/uploads\/2023\/05\/Skor_fran_1700-_till_1960-talet_-_Nordiska_Museet_-_NMA.00563021-430x347.jpg 430w, https:\/\/bianashoes.mk\/wp-content\/uploads\/2023\/05\/Skor_fran_1700-_till_1960-talet_-_Nordiska_Museet_-_NMA.00563021-700x564.jpg 700w, https:\/\/bianashoes.mk\/wp-content\/uploads\/2023\/05\/Skor_fran_1700-_till_1960-talet_-_Nordiska_Museet_-_NMA.00563021-150x121.jpg 150w\" sizes=\"auto, (max-width: 1200px) 100vw, 1200px\" \/>\t\t\t\t\t<\/div>\n\n\t\t\t\t\t\t<\/div>\n\t\t\t\t<\/div>\n\t\t\t\t\t<\/div>\n\t\t<\/div>\n\t\t\t\t\t<\/div>\n\t\t<\/section>\n\t\t\t\t<section class=\"wd-negative-gap elementor-section elementor-top-section elementor-element elementor-element-8706f32 elementor-section-boxed elementor-section-height-default elementor-section-height-default\" data-id=\"8706f32\" data-element_type=\"section\" data-e-type=\"section\">\n\t\t\t\t\t\t<div class=\"elementor-container elementor-column-gap-default\">\n\t\t\t\t\t<div class=\"elementor-column elementor-col-50 elementor-top-column elementor-element elementor-element-f4e58ad\" data-id=\"f4e58ad\" data-element_type=\"column\" data-e-type=\"column\">\n\t\t\t<div class=\"elementor-widget-wrap elementor-element-populated\">\n\t\t\t\t\t\t<div class=\"elementor-element elementor-element-87fae3b elementor-widget elementor-widget-wd_image_or_svg\" data-id=\"87fae3b\" data-element_type=\"widget\" data-e-type=\"widget\" data-widget_type=\"wd_image_or_svg.default\">\n\t\t\t\t<div class=\"elementor-widget-container\">\n\t\t\t\t\t\n\t\t<div class=\"wd-image text-left\">\n\t\t\t\t\t\t\t\t<img loading=\"lazy\" decoding=\"async\" width=\"900\" height=\"707\" src=\"https:\/\/bianashoes.mk\/wp-content\/uploads\/2023\/05\/sewing.jpg\" class=\"attachment-full size-full\" alt=\"\" srcset=\"https:\/\/bianashoes.mk\/wp-content\/uploads\/2023\/05\/sewing.jpg 900w, https:\/\/bianashoes.mk\/wp-content\/uploads\/2023\/05\/sewing-382x300.jpg 382w, https:\/\/bianashoes.mk\/wp-content\/uploads\/2023\/05\/sewing-768x603.jpg 768w, https:\/\/bianashoes.mk\/wp-content\/uploads\/2023\/05\/sewing-15x12.jpg 15w, https:\/\/bianashoes.mk\/wp-content\/uploads\/2023\/05\/sewing-860x676.jpg 860w, https:\/\/bianashoes.mk\/wp-content\/uploads\/2023\/05\/sewing-430x338.jpg 430w, https:\/\/bianashoes.mk\/wp-content\/uploads\/2023\/05\/sewing-700x550.jpg 700w, https:\/\/bianashoes.mk\/wp-content\/uploads\/2023\/05\/sewing-150x118.jpg 150w\" sizes=\"auto, (max-width: 900px) 100vw, 900px\" \/>\t\t\t\t\t<\/div>\n\n\t\t\t\t\t\t<\/div>\n\t\t\t\t<\/div>\n\t\t\t\t\t<\/div>\n\t\t<\/div>\n\t\t\t\t<div class=\"elementor-column elementor-col-50 elementor-top-column elementor-element elementor-element-fa93ee7\" data-id=\"fa93ee7\" data-element_type=\"column\" data-e-type=\"column\">\n\t\t\t<div class=\"elementor-widget-wrap elementor-element-populated\">\n\t\t\t\t\t\t<div class=\"elementor-element elementor-element-b5cba2a elementor-widget__width-initial elementor-widget elementor-widget-wd_text_block\" data-id=\"b5cba2a\" data-element_type=\"widget\" data-e-type=\"widget\" data-widget_type=\"wd_text_block.default\">\n\t\t\t\t<div class=\"elementor-widget-container\">\n\t\t\t\t\t\t\t<div class=\"wd-text-block reset-last-child text-left\">\n\t\t\t\n\t\t\t<h1>Kapacitetet<\/h1>\n<p><span style=\"color: #000000;\">Biana Shoes ka 3 stilist\u00eb. K\u00ebtu filloi marka Biana Shoes, nga dizajni i k\u00ebpuc\u00ebve p\u00ebr femra deri te zhvillimi i nj\u00eb s\u00ebr\u00eb modelesh p\u00ebr prodhim. Stilet tipike t\u00eb dallueshme jan\u00eb eleganca, sporti dhe klasikja. Stilist\u00ebt tan\u00eb jan\u00eb gjithmon\u00eb t\u00eb p\u00ebrdit\u00ebsuar me trendet m\u00eb t\u00eb fundit t\u00eb mod\u00ebs, duke l\u00ebn\u00eb gjurm\u00ebn e tyre krijuese.<\/span><\/p>\n<p><span style=\"color: #000000;\">Kapaciteti i prodhimit \u00ebsht\u00eb 800 - 1000 pal\u00eb k\u00ebpuc\u00eb n\u00eb dit\u00eb, q\u00eb p\u00ebrfaq\u00ebson 30-40% t\u00eb kapacitetit total. Biana Shoes \u00ebsht\u00eb e pajisur me makineri t\u00eb cil\u00ebsis\u00eb s\u00eb lart\u00eb nga prodhimi gjerman dhe italian. P\u00ebrdoren l\u00ebnd\u00eb t\u00eb para t\u00eb cil\u00ebsis\u00eb s\u00eb lart\u00eb me origjin\u00eb greke dhe italiane.<\/span><\/p>\n\n\t\t\t\t\t<\/div>\n\t\t\t\t\t\t<\/div>\n\t\t\t\t<\/div>\n\t\t\t\t\t<\/div>\n\t\t<\/div>\n\t\t\t\t\t<\/div>\n\t\t<\/section>\n\t\t\t\t<\/div>","protected":false},"excerpt":{"rendered":"<p>\u0411\u0438\u0430\u043d\u0430 \u0428\u0443\u0441 \u0435 \u043e\u0441\u043d\u043e\u0432\u0430\u043d\u0430 1993 \u0433\u043e\u0434. \u0438 \u0435 \u043f\u0438\u043e\u043d\u0435\u0440 \u0432\u043e \u0447\u0435\u0432\u043b\u0430\u0440\u0441\u043a\u0430\u0442\u0430 \u0438\u043d\u0434\u0443\u0441\u0442\u0440\u0438\u0458\u0430 \u043d\u0430 \u0420.\u041c\u0430\u043a\u0435\u0434\u043e\u043d\u0438\u0458\u0430. \u041e\u0441\u043d\u043e\u0432\u043d\u0430 \u0434\u0435\u0458\u043d\u043e\u0441\u0442 \u043d\u0430 \u043f\u0440\u0435\u0442\u043f\u0440\u0438\u0458\u0430\u0442\u0438\u0435\u0442\u043e \u0435 \u043f\u0440\u043e\u0438\u0437\u0432\u043e\u0434\u0441\u0442\u0432\u043e<\/p>","protected":false},"author":1,"featured_media":0,"parent":0,"menu_order":0,"comment_status":"closed","ping_status":"closed","template":"","meta":{"footnotes":""},"class_list":["post-4400","page","type-page","status-publish","hentry"],"jetpack_sharing_enabled":true,"_links":{"self":[{"href":"https:\/\/bianashoes.mk\/sq\/wp-json\/wp\/v2\/pages\/4400","targetHints":{"allow":["GET"]}}],"collection":[{"href":"https:\/\/bianashoes.mk\/sq\/wp-json\/wp\/v2\/pages"}],"about":[{"href":"https:\/\/bianashoes.mk\/sq\/wp-json\/wp\/v2\/types\/page"}],"author":[{"embeddable":true,"href":"https:\/\/bianashoes.mk\/sq\/wp-json\/wp\/v2\/users\/1"}],"replies":[{"embeddable":true,"href":"https:\/\/bianashoes.mk\/sq\/wp-json\/wp\/v2\/comments?post=4400"}],"version-history":[{"count":14,"href":"https:\/\/bianashoes.mk\/sq\/wp-json\/wp\/v2\/pages\/4400\/revisions"}],"predecessor-version":[{"id":16521,"href":"https:\/\/bianashoes.mk\/sq\/wp-json\/wp\/v2\/pages\/4400\/revisions\/16521"}],"wp:attachment":[{"href":"https:\/\/bianashoes.mk\/sq\/wp-json\/wp\/v2\/media?parent=4400"}],"curies":[{"name":"wp","href":"https:\/\/api.w.org\/{rel}","templated":true}]}}