{"id":16314,"date":"2023-05-16T16:41:57","date_gmt":"2023-05-16T16:41:57","guid":{"rendered":"http:\/\/bianashoes.mk\/?page_id=16314"},"modified":"2026-02-20T13:07:09","modified_gmt":"2026-02-20T12:07:09","slug":"shipping","status":"publish","type":"page","link":"https:\/\/bianashoes.mk\/sq\/shipping\/","title":{"rendered":"D\u00ebrgesa"},"content":{"rendered":"<div data-elementor-type=\"wp-page\" data-elementor-id=\"16314\" class=\"elementor elementor-16314\">\n\t\t\t\t\t\t<section class=\"wd-negative-gap elementor-section elementor-top-section elementor-element elementor-element-416f40d elementor-section-boxed elementor-section-height-default elementor-section-height-default\" data-id=\"416f40d\" data-element_type=\"section\" data-e-type=\"section\">\n\t\t\t\t\t\t<div class=\"elementor-container elementor-column-gap-default\">\n\t\t\t\t\t<div class=\"elementor-column elementor-col-100 elementor-top-column elementor-element elementor-element-2dac577\" data-id=\"2dac577\" data-element_type=\"column\" data-e-type=\"column\">\n\t\t\t<div class=\"elementor-widget-wrap elementor-element-populated\">\n\t\t\t\t\t\t<div class=\"elementor-element elementor-element-a169d8b elementor-widget elementor-widget-wd_text_block\" data-id=\"a169d8b\" data-element_type=\"widget\" data-e-type=\"widget\" data-widget_type=\"wd_text_block.default\">\n\t\t\t\t<div class=\"elementor-widget-container\">\n\t\t\t\t\t\t\t<div class=\"wd-text-block reset-last-child text-left\">\n\t\t\t\n\t\t\t<p style=\"text-align: left;\"><span style=\"color: #000000;\"><strong>Metoda e dor\u00ebzimit<br><\/strong><\/span><span style=\"color: #000000;\">Dor\u00ebzimi b\u00ebhet n\u00ebp\u00ebrmjet sh\u00ebrbimeve t\u00eb jashtme t\u00eb korrierit, vet\u00ebm dhe ekskluzivisht n\u00eb adres\u00ebn e dh\u00ebn\u00eb gjat\u00eb krijimit t\u00eb nj\u00eb porosie.<\/span><\/p><p style=\"text-align: left;\"><span style=\"color: #000000;\"><strong>Sh\u00ebrbime korrieri<br><\/strong><\/span><span style=\"color: #000000;\">Dor\u00ebzimi kryhet p\u00ebrmes Eco Logistic Service SHPK Shkup.<\/span><\/p><p style=\"text-align: left;\"><span style=\"color: #000000;\"><strong>Kostot e d\u00ebrges\u00ebs<br><\/strong><\/span><span style=\"color: #000000;\">P\u00ebr porosit\u00eb me vler\u00eb m\u00eb t\u00eb vog\u00ebl se 3490 denar\u00eb, kostoja e transportit \u00ebsht\u00eb 170 denar\u00eb.<\/span> <span style=\"color: #000000;\">P\u00ebr porosit\u00eb me vler\u00eb mbi 3490 denar\u00eb, transporti \u00ebsht\u00eb falas.<\/span><\/p><p style=\"text-align: left;\"><span style=\"color: #000000;\"><b>Transporti falas<\/b><\/span><b><br><\/b><span style=\"color: #000000;\">Me krijimin e nj\u00eb porosie n\u00eb nj\u00eb shum\u00eb t\u00eb barabart\u00eb ose m\u00eb t\u00eb madhe se 3490 denar\u00eb, d\u00ebrgesa \u00ebsht\u00eb falas.<\/span><\/p><p style=\"text-align: left;\"><span style=\"color: #000000;\"><b>Afati i dor\u00ebzimit<\/b><\/span><b><br><\/b><span style=\"color: #000000;\">Periudha e dor\u00ebzimit \u00ebsht\u00eb deri n\u00eb 5 dit\u00eb pune. Dor\u00ebzimi mund t\u00eb zgjatet n\u00ebse ka dit\u00eb jo pune brenda periudh\u00ebs s\u00eb caktuar ose n\u00ebse e b\u00ebni porosin\u00eb gjat\u00eb nj\u00eb zbritjeje.<\/span><\/p><p style=\"text-align: left;\"><span style=\"color: #000000;\"><b>Informacion i r\u00ebnd\u00ebsish\u00ebm p\u00ebr dor\u00ebzimin<\/b><\/span><b><br><\/b><span style=\"color: #000000;\">Dor\u00ebzimi b\u00ebhet nga e h\u00ebna n\u00eb t\u00eb premte \u2192 8:00 - 15:00 n\u00eb adres\u00ebn e treguar n\u00eb porosi. Dit\u00ebt e festave jan\u00eb dit\u00eb pushimi. P\u00ebr k\u00ebt\u00eb q\u00ebllim, duhet t\u00eb siguroni nj\u00eb person q\u00eb do t\u00eb jet\u00eb i pranish\u00ebm p\u00ebr t\u00eb marr\u00eb d\u00ebrges\u00ebn n\u00eb adres\u00ebn q\u00eb keni dh\u00ebn\u00eb. Gjat\u00eb marrjes s\u00eb d\u00ebrges\u00ebs, duhet t\u00eb n\u00ebnshkruani fatur\u00ebn e dor\u00ebzimit q\u00eb do t'ju jap\u00eb korrieri. N\u00ebse korrieri nuk arrin t'ju gjej\u00eb n\u00eb adres\u00ebn e treguar, at\u00ebher\u00eb ai do t\u00eb p\u00ebrpiqet p\u00ebrs\u00ebri t'ju kontaktoj\u00eb me telefon n\u00eb numrin q\u00eb keni l\u00ebn\u00eb gjat\u00eb krijimit t\u00eb porosis\u00eb dhe ju do t\u00eb jeni n\u00eb gjendje t\u00eb bini dakord p\u00ebr nj\u00eb dat\u00eb t\u00eb re dor\u00ebzimi. N\u00ebse korrieri nuk arrin t'ju gjej\u00eb n\u00eb p\u00ebrpjekjen e dyt\u00eb, at\u00ebher\u00eb d\u00ebrgesa do t\u00eb na kthehet neve. Kostoja e transportit \u00ebsht\u00eb detyrim i Biana Shoes n\u00eb p\u00ebrpjekjen e par\u00eb t\u00eb dor\u00ebzimit. N\u00ebse porosia kthehet nga sh\u00ebrbimi i korrierit p\u00ebr shkak t\u00eb nj\u00eb p\u00ebrpjekjeje t\u00eb pasuksesshme p\u00ebr t\u00eb kontaktuar klientin, dhe klienti d\u00ebshiron ta marr\u00eb at\u00eb, kostoja e transportit \u00ebsht\u00eb n\u00eb ngarkim t\u00eb klientit.<\/span><\/p>\n\t\t\t\t\t<\/div>\n\t\t\t\t\t\t<\/div>\n\t\t\t\t<\/div>\n\t\t\t\t\t<\/div>\n\t\t<\/div>\n\t\t\t\t\t<\/div>\n\t\t<\/section>\n\t\t\t\t<\/div>","protected":false},"excerpt":{"rendered":"<p>\u041d\u0430\u0447\u0438\u043d \u043d\u0430 \u0434\u043e\u0441\u0442\u0430\u0432\u0430\u0414\u043e\u0441\u0442\u0430\u0432\u0430\u0442\u0430 \u0441\u0435 \u0432\u0440\u0448\u0438 \u043f\u0440\u0435\u043a\u0443 \u0435\u043a\u0441\u0442\u0435\u0440\u043d\u0438 \u043a\u0443\u0440\u0438\u0440\u0441\u043a\u0438 \u0441\u043b\u0443\u0436\u0431\u0438, \u0435\u0434\u0438\u043d\u0441\u0442\u0432\u0435\u043d\u043e \u0438 \u0441\u0430\u043c\u043e \u043d\u0430 \u0430\u0434\u0440\u0435\u0441\u0430\u0442\u0430 \u0434\u0430\u0434\u0435\u043d\u0430 \u043f\u0440\u0438 \u043a\u0440\u0435\u0438\u0440\u0430\u045a\u0435 \u043d\u0430\u0440\u0430\u0447\u043a\u0430. \u041a\u0443\u0440\u0438\u0440\u0441\u043a\u0438 \u0441\u043b\u0443\u0436\u0431\u0438\u0414\u043e\u0441\u0442\u0430\u0432\u0430\u0442\u0430<\/p>","protected":false},"author":1,"featured_media":0,"parent":0,"menu_order":0,"comment_status":"closed","ping_status":"closed","template":"","meta":{"footnotes":""},"class_list":["post-16314","page","type-page","status-publish","hentry"],"jetpack_sharing_enabled":true,"_links":{"self":[{"href":"https:\/\/bianashoes.mk\/sq\/wp-json\/wp\/v2\/pages\/16314","targetHints":{"allow":["GET"]}}],"collection":[{"href":"https:\/\/bianashoes.mk\/sq\/wp-json\/wp\/v2\/pages"}],"about":[{"href":"https:\/\/bianashoes.mk\/sq\/wp-json\/wp\/v2\/types\/page"}],"author":[{"embeddable":true,"href":"https:\/\/bianashoes.mk\/sq\/wp-json\/wp\/v2\/users\/1"}],"replies":[{"embeddable":true,"href":"https:\/\/bianashoes.mk\/sq\/wp-json\/wp\/v2\/comments?post=16314"}],"version-history":[{"count":54,"href":"https:\/\/bianashoes.mk\/sq\/wp-json\/wp\/v2\/pages\/16314\/revisions"}],"predecessor-version":[{"id":41386,"href":"https:\/\/bianashoes.mk\/sq\/wp-json\/wp\/v2\/pages\/16314\/revisions\/41386"}],"wp:attachment":[{"href":"https:\/\/bianashoes.mk\/sq\/wp-json\/wp\/v2\/media?parent=16314"}],"curies":[{"name":"wp","href":"https:\/\/api.w.org\/{rel}","templated":true}]}}