{"id":16297,"date":"2023-05-16T15:52:33","date_gmt":"2023-05-16T15:52:33","guid":{"rendered":"http:\/\/bianashoes.mk\/?page_id=16297"},"modified":"2024-02-12T13:53:58","modified_gmt":"2024-02-12T12:53:58","slug":"complaints","status":"publish","type":"page","link":"https:\/\/bianashoes.mk\/sq\/complaints\/","title":{"rendered":"Ankesa"},"content":{"rendered":"<div data-elementor-type=\"wp-page\" data-elementor-id=\"16297\" class=\"elementor elementor-16297\">\n\t\t\t\t\t\t<section class=\"wd-negative-gap elementor-section elementor-top-section elementor-element elementor-element-cf19447 elementor-section-boxed elementor-section-height-default elementor-section-height-default\" data-id=\"cf19447\" data-element_type=\"section\" data-e-type=\"section\">\n\t\t\t\t\t\t<div class=\"elementor-container elementor-column-gap-default\">\n\t\t\t\t\t<div class=\"elementor-column elementor-col-100 elementor-top-column elementor-element elementor-element-3ffaa8e\" data-id=\"3ffaa8e\" data-element_type=\"column\" data-e-type=\"column\">\n\t\t\t<div class=\"elementor-widget-wrap elementor-element-populated\">\n\t\t\t\t\t\t<div class=\"elementor-element elementor-element-bc705c5 elementor-widget elementor-widget-wd_text_block\" data-id=\"bc705c5\" data-element_type=\"widget\" data-e-type=\"widget\" data-widget_type=\"wd_text_block.default\">\n\t\t\t\t<div class=\"elementor-widget-container\">\n\t\t\t\t\t\t\t<div class=\"wd-text-block reset-last-child text-left\">\n\t\t\t\n\t\t\t<h4><strong>Ankesa p\u00ebr porosit\u00eb online<\/strong><\/h4><p style=\"text-align: left;\"><span style=\"color: #000000;\">Produktet e blera n\u00eb internet nuk mund t\u00eb kthehen n\u00eb dyqan. Periudha e kthimit tregohet n\u00eb vet\u00eb produktin dhe fillon t\u00eb zbatohet nga dita e dor\u00ebzimit t\u00eb porosis\u00eb, sipas njoftimit nga sh\u00ebrbimi i korrierit. (Informacion ekskluzivisht n\u00eb email adres\u00ebn <strong>online.bianashoes@yahoo.com<\/strong>)<\/span><\/p>\n\t\t\t\t\t<\/div>\n\t\t\t\t\t\t<\/div>\n\t\t\t\t<\/div>\n\t\t\t\t\t<\/div>\n\t\t<\/div>\n\t\t\t\t\t<\/div>\n\t\t<\/section>\n\t\t\t\t<\/div>","protected":false},"excerpt":{"rendered":"<p>\u0420\u0435\u043a\u043b\u0430\u043c\u0430\u0446\u0438\u0458\u0430 \u0437\u0430 \u043e\u043d\u043b\u0430\u0458\u043d \u043d\u0430\u0440\u0430\u0447\u043a\u0438 \u041f\u0440\u043e\u0438\u0437\u0432\u043e\u0434\u0438\u0442\u0435 \u043a\u0443\u043f\u0435\u043d\u0438 \u043e\u043d\u043b\u0430\u0458\u043d \u043d\u0435 \u0435 \u043c\u043e\u0436\u043d\u043e \u0434\u0430 \u0441\u0435 \u0440\u0435\u043a\u043b\u0430\u043c\u0438\u0440\u0430\u0430\u0442 \u0432\u043e \u043f\u0440\u043e\u0434\u0430\u0432\u043d\u0438\u0446\u0430.\u00a0\u0420\u043e\u043a\u043e\u0442 \u0437\u0430 \u0440\u0435\u043a\u043b\u0430\u043c\u0430\u0446\u0438\u0458\u0430 \u0435 \u043d\u0430\u0437\u043d\u0430\u0447\u0435\u043d \u043d\u0430<\/p>","protected":false},"author":1,"featured_media":0,"parent":0,"menu_order":0,"comment_status":"closed","ping_status":"closed","template":"","meta":{"footnotes":""},"class_list":["post-16297","page","type-page","status-publish","hentry"],"jetpack_sharing_enabled":true,"_links":{"self":[{"href":"https:\/\/bianashoes.mk\/sq\/wp-json\/wp\/v2\/pages\/16297","targetHints":{"allow":["GET"]}}],"collection":[{"href":"https:\/\/bianashoes.mk\/sq\/wp-json\/wp\/v2\/pages"}],"about":[{"href":"https:\/\/bianashoes.mk\/sq\/wp-json\/wp\/v2\/types\/page"}],"author":[{"embeddable":true,"href":"https:\/\/bianashoes.mk\/sq\/wp-json\/wp\/v2\/users\/1"}],"replies":[{"embeddable":true,"href":"https:\/\/bianashoes.mk\/sq\/wp-json\/wp\/v2\/comments?post=16297"}],"version-history":[{"count":15,"href":"https:\/\/bianashoes.mk\/sq\/wp-json\/wp\/v2\/pages\/16297\/revisions"}],"predecessor-version":[{"id":21531,"href":"https:\/\/bianashoes.mk\/sq\/wp-json\/wp\/v2\/pages\/16297\/revisions\/21531"}],"wp:attachment":[{"href":"https:\/\/bianashoes.mk\/sq\/wp-json\/wp\/v2\/media?parent=16297"}],"curies":[{"name":"wp","href":"https:\/\/api.w.org\/{rel}","templated":true}]}}