{"id":16291,"date":"2023-05-16T15:47:44","date_gmt":"2023-05-16T15:47:44","guid":{"rendered":"http:\/\/bianashoes.mk\/?page_id=16291"},"modified":"2026-02-20T13:09:00","modified_gmt":"2026-02-20T12:09:00","slug":"faq","status":"publish","type":"page","link":"https:\/\/bianashoes.mk\/sq\/faq\/","title":{"rendered":"Pyetjet"},"content":{"rendered":"<div data-elementor-type=\"wp-page\" data-elementor-id=\"16291\" class=\"elementor elementor-16291\">\n\t\t\t\t\t\t<section class=\"wd-negative-gap elementor-section elementor-top-section elementor-element elementor-element-9627e92 elementor-section-boxed elementor-section-height-default elementor-section-height-default\" data-id=\"9627e92\" data-element_type=\"section\" data-e-type=\"section\">\n\t\t\t\t\t\t<div class=\"elementor-container elementor-column-gap-default\">\n\t\t\t\t\t<div class=\"elementor-column elementor-col-100 elementor-top-column elementor-element elementor-element-80b793e\" data-id=\"80b793e\" data-element_type=\"column\" data-e-type=\"column\">\n\t\t\t<div class=\"elementor-widget-wrap elementor-element-populated\">\n\t\t\t\t\t\t<div class=\"elementor-element elementor-element-c883c29 elementor-widget elementor-widget-wd_accordion\" data-id=\"c883c29\" data-element_type=\"widget\" data-e-type=\"widget\" data-widget_type=\"wd_accordion.default\">\n\t\t\t\t<div class=\"elementor-widget-container\">\n\t\t\t\t\t\n\t\t<div class=\"wd-accordion wd-style-shadow wd-titles-left wd-opener-pos-left wd-opener-style-arrow\" data-state=\"all_closed\">\n\t\t\t\t\t\t\t\n\t\t\t\t<div class=\"wd-accordion-item\">\n\t\t\t\t\t<div class=\"wd-accordion-title wd-role-btn\" data-accordion-index=\"0\" tabindex=\"0\">\n\t\t\t\t\t\t<div class=\"wd-accordion-title-text\">\n\t\t\t\t\t\t\t\t\t\t\t\t\t\t<span>\n\t\t\t\t\t\t\t\tDOR\u00cbZIM\t\t\t\t\t\t\t<\/span>\n\t\t\t\t\t\t<\/div>\n\t\t\t\t\t\t<span class=\"wd-accordion-opener\"><\/span>\n\t\t\t\t\t<\/div>\n\n\t\t\t\t\t<div class=\"wd-accordion-content wd-entry-content\" data-accordion-index=\"0\">\n\t\t\t\t\t\t\t\t\t\t\t\t\t\n\t\t\t\t\t\t\t<p><strong>Metoda e dor\u00ebzimit<\/strong><br>Dor\u00ebzimi b\u00ebhet n\u00ebp\u00ebrmjet sh\u00ebrbimeve t\u00eb jashtme t\u00eb korrierit, vet\u00ebm dhe ekskluzivisht n\u00eb adres\u00ebn e dh\u00ebn\u00eb gjat\u00eb krijimit t\u00eb nj\u00eb porosie.<\/p><p><strong>Sh\u00ebrbime korrieri<\/strong><br>Dor\u00ebzimi kryhet p\u00ebrmes Eco Logistic Service SHPK Shkup.<\/p><p><strong>Kostot e d\u00ebrges\u00ebs<\/strong><br>P\u00ebr porosit\u00eb me vler\u00eb m\u00eb t\u00eb vog\u00ebl se 3490 denar\u00eb, kostoja e transportit \u00ebsht\u00eb 170 denar\u00eb.<br>P\u00ebr porosit\u00eb me vler\u00eb mbi 3490 denar\u00eb, transporti \u00ebsht\u00eb falas.<\/p>\n\t\t\t\t\t\t\t\t\t\t\t\t\t\t\t\t\t\t<\/div>\n\t\t\t\t<\/div>\n\t\t\t\t\t\t\t\n\t\t\t\t<div class=\"wd-accordion-item\">\n\t\t\t\t\t<div class=\"wd-accordion-title wd-role-btn\" data-accordion-index=\"1\" tabindex=\"0\">\n\t\t\t\t\t\t<div class=\"wd-accordion-title-text\">\n\t\t\t\t\t\t\t\t\t\t\t\t\t\t<span>\n\t\t\t\t\t\t\t\tSHK\u00cbMBIMET DHE KTHIMET\t\t\t\t\t\t\t<\/span>\n\t\t\t\t\t\t<\/div>\n\t\t\t\t\t\t<span class=\"wd-accordion-opener\"><\/span>\n\t\t\t\t\t<\/div>\n\n\t\t\t\t\t<div class=\"wd-accordion-content wd-entry-content\" data-accordion-index=\"1\">\n\t\t\t\t\t\t\t\t\t\t\t\t\t\n\t\t\t\t\t\t\t<p>N\u00ebse produkti nuk ju p\u00ebrshtatet dhe d\u00ebshironi rimbursim, duhet ta d\u00ebrgoni me sh\u00ebrbim korrieri q\u00eb do ta telefononi n\u00eb adres\u00ebn rr. 100 nr. 70A, Kumanov\u00eb, dhe kostoja e d\u00ebrges\u00ebs \u00ebsht\u00eb e juaja.<br \/>D\u00ebrgesa q\u00eb po ktheni duhet t\u00eb jet\u00eb e paketuar n\u00eb paketimin origjinal dhe duhet t\u00eb p\u00ebrfshini fatur\u00ebn origjinale.<\/p><p>Pastaj, na d\u00ebrgoni fatur\u00ebn e transaksionit n\u00eb adres\u00ebn ton\u00eb t\u00eb email-it online.bianashoes@yahoo.com<br \/>Pasi d\u00ebrgesa t\u00eb mb\u00ebrrij\u00eb n\u00eb vendndodhjen ton\u00eb dhe t\u00eb p\u00ebrcaktohet se produkti i kthyer nuk \u00ebsht\u00eb p\u00ebrdorur, nuk \u00ebsht\u00eb d\u00ebmtuar dhe pamja, p\u00ebrdorshm\u00ebria dhe etiketat e fabrik\u00ebs jan\u00eb ruajtur, nj\u00eb rimbursim i fondeve do t\u00eb b\u00ebhet n\u00eb llogarin\u00eb tuaj t\u00eb transaksionit.<\/p>\n\t\t\t\t\t\t\t\t\t\t\t\t\t\t\t\t\t\t<\/div>\n\t\t\t\t<\/div>\n\t\t\t\t\t\t\t\n\t\t\t\t<div class=\"wd-accordion-item\">\n\t\t\t\t\t<div class=\"wd-accordion-title wd-role-btn\" data-accordion-index=\"2\" tabindex=\"0\">\n\t\t\t\t\t\t<div class=\"wd-accordion-title-text\">\n\t\t\t\t\t\t\t\t\t\t\t\t\t\t<span>\n\t\t\t\t\t\t\t\tPAGESAT\t\t\t\t\t\t\t<\/span>\n\t\t\t\t\t\t<\/div>\n\t\t\t\t\t\t<span class=\"wd-accordion-opener\"><\/span>\n\t\t\t\t\t<\/div>\n\n\t\t\t\t\t<div class=\"wd-accordion-content wd-entry-content\" data-accordion-index=\"2\">\n\t\t\t\t\t\t\t\t\t\t\t\t\t\n\t\t\t\t\t\t\t<p><b>Pagesa me kartela kreditore<b><br \/><\/b><\/b>Uebsajti lejon pages\u00ebn nj\u00eb her\u00ebshe me karta debiti (MasterCard, VISA dhe Maestro)<\/p><p><b>Para n\u00eb dor\u00ebzim<\/b><br \/>Pagesa n\u00eb momentin e dor\u00ebzimit b\u00ebhet vet\u00ebm me para n\u00eb dor\u00eb.<\/p><p><b>Konvertimi i Denarit<\/b><br \/>T\u00eb gjitha pagesat jan\u00eb n\u00eb monedh\u00eb denar\u00eb. P\u00ebr vler\u00ebn n\u00eb denar\u00eb, ju lutemi vizitoni Bank\u00ebn Komb\u00ebtare t\u00eb Republik\u00ebs s\u00eb Maqedonis\u00eb. T\u00eb gjitha ndryshimet e monedh\u00ebs jan\u00eb p\u00ebrgjegj\u00ebsi e Bank\u00ebs Komb\u00ebtare t\u00eb Republik\u00ebs s\u00eb Maqedonis\u00eb.<\/p>\n\t\t\t\t\t\t\t\t\t\t\t\t\t\t\t\t\t\t<\/div>\n\t\t\t\t<\/div>\n\t\t\t\t\t\t\t\n\t\t\t\t<div class=\"wd-accordion-item\">\n\t\t\t\t\t<div class=\"wd-accordion-title wd-role-btn\" data-accordion-index=\"3\" tabindex=\"0\">\n\t\t\t\t\t\t<div class=\"wd-accordion-title-text\">\n\t\t\t\t\t\t\t\t\t\t\t\t\t\t<span>\n\t\t\t\t\t\t\t\tKONTAKT\t\t\t\t\t\t\t<\/span>\n\t\t\t\t\t\t<\/div>\n\t\t\t\t\t\t<span class=\"wd-accordion-opener\"><\/span>\n\t\t\t\t\t<\/div>\n\n\t\t\t\t\t<div class=\"wd-accordion-content wd-entry-content\" data-accordion-index=\"3\">\n\t\t\t\t\t\t\t\t\t\t\t\t\t\n\t\t\t\t\t\t\t<p><b>Ju mund t'i ushtroni t\u00eb drejtat tuaja n\u00eb nj\u00eb m\u00ebnyr\u00eb t\u00eb thjesht\u00eb duke kontaktuar:<\/b><\/p><p>Adresa e email-it: online.bianashoes@yahoo.com<br \/>Telefoni i kontaktit: +389 71 222 886<\/p>\n\t\t\t\t\t\t\t\t\t\t\t\t\t\t\t\t\t\t<\/div>\n\t\t\t\t<\/div>\n\t\t\t\t\t<\/div>\n\t\t\t\t\t\t<\/div>\n\t\t\t\t<\/div>\n\t\t\t\t\t<\/div>\n\t\t<\/div>\n\t\t\t\t\t<\/div>\n\t\t<\/section>\n\t\t\t\t<\/div>","protected":false},"excerpt":{"rendered":"<p>\u0414\u041e\u0421\u0422\u0410\u0412\u0410 \u041d\u0430\u0447\u0438\u043d \u043d\u0430 \u0434\u043e\u0441\u0442\u0430\u0432\u0430\u0414\u043e\u0441\u0442\u0430\u0432\u0430\u0442\u0430 \u0441\u0435 \u0432\u0440\u0448\u0438 \u043f\u0440\u0435\u043a\u0443 \u0435\u043a\u0441\u0442\u0435\u0440\u043d\u0438 \u043a\u0443\u0440\u0438\u0440\u0441\u043a\u0438 \u0441\u043b\u0443\u0436\u0431\u0438, \u0435\u0434\u0438\u043d\u0441\u0442\u0432\u0435\u043d\u043e \u0438 \u0441\u0430\u043c\u043e \u043d\u0430 \u0430\u0434\u0440\u0435\u0441\u0430\u0442\u0430 \u0434\u0430\u0434\u0435\u043d\u0430 \u043f\u0440\u0438 \u043a\u0440\u0435\u0438\u0440\u0430\u045a\u0435 \u043d\u0430\u0440\u0430\u0447\u043a\u0430. \u041a\u0443\u0440\u0438\u0440\u0441\u043a\u0438<\/p>","protected":false},"author":1,"featured_media":0,"parent":0,"menu_order":0,"comment_status":"closed","ping_status":"closed","template":"","meta":{"footnotes":""},"class_list":["post-16291","page","type-page","status-publish","hentry"],"jetpack_sharing_enabled":true,"_links":{"self":[{"href":"https:\/\/bianashoes.mk\/sq\/wp-json\/wp\/v2\/pages\/16291","targetHints":{"allow":["GET"]}}],"collection":[{"href":"https:\/\/bianashoes.mk\/sq\/wp-json\/wp\/v2\/pages"}],"about":[{"href":"https:\/\/bianashoes.mk\/sq\/wp-json\/wp\/v2\/types\/page"}],"author":[{"embeddable":true,"href":"https:\/\/bianashoes.mk\/sq\/wp-json\/wp\/v2\/users\/1"}],"replies":[{"embeddable":true,"href":"https:\/\/bianashoes.mk\/sq\/wp-json\/wp\/v2\/comments?post=16291"}],"version-history":[{"count":39,"href":"https:\/\/bianashoes.mk\/sq\/wp-json\/wp\/v2\/pages\/16291\/revisions"}],"predecessor-version":[{"id":41389,"href":"https:\/\/bianashoes.mk\/sq\/wp-json\/wp\/v2\/pages\/16291\/revisions\/41389"}],"wp:attachment":[{"href":"https:\/\/bianashoes.mk\/sq\/wp-json\/wp\/v2\/media?parent=16291"}],"curies":[{"name":"wp","href":"https:\/\/api.w.org\/{rel}","templated":true}]}}