{"id":16186,"date":"2023-05-13T13:06:55","date_gmt":"2023-05-13T13:06:55","guid":{"rendered":"http:\/\/bianashoes.mk\/?page_id=16186"},"modified":"2023-10-09T10:53:09","modified_gmt":"2023-10-09T10:53:09","slug":"cookies","status":"publish","type":"page","link":"https:\/\/bianashoes.mk\/sq\/cookies\/","title":{"rendered":"Biskotat"},"content":{"rendered":"<div data-elementor-type=\"wp-page\" data-elementor-id=\"16186\" class=\"elementor elementor-16186\">\n\t\t\t\t\t\t<section class=\"wd-negative-gap elementor-section elementor-top-section elementor-element elementor-element-758784b elementor-section-boxed elementor-section-height-default elementor-section-height-default\" data-id=\"758784b\" data-element_type=\"section\" data-e-type=\"section\">\n\t\t\t\t\t\t<div class=\"elementor-container elementor-column-gap-default\">\n\t\t\t\t\t<div class=\"elementor-column elementor-col-100 elementor-top-column elementor-element elementor-element-41efe5c\" data-id=\"41efe5c\" data-element_type=\"column\" data-e-type=\"column\">\n\t\t\t<div class=\"elementor-widget-wrap elementor-element-populated\">\n\t\t\t\t\t\t<div class=\"elementor-element elementor-element-ba6661f elementor-widget elementor-widget-wd_text_block\" data-id=\"ba6661f\" data-element_type=\"widget\" data-e-type=\"widget\" data-widget_type=\"wd_text_block.default\">\n\t\t\t\t<div class=\"elementor-widget-container\">\n\t\t\t\t\t\t\t<div class=\"wd-text-block reset-last-child text-left\">\n\t\t\t\n\t\t\t<p style=\"text-align: left;\"><span style=\"color: #000000;\"><strong>1. \u00c7far\u00eb jan\u00eb \"biskotat\" (cookies)?<\/strong><\/span><\/p>\n<p style=\"text-align: left;\"><span style=\"color: #000000;\">Biskotat jan\u00eb skedar\u00eb t\u00eb vegj\u00ebl teksti q\u00eb vendosen n\u00eb kompjuterin ose telefonin tuaj celular nga faqet e internetit q\u00eb vizitoni n\u00eb internet. K\u00ebto skedar\u00eb mund t\u00eb lexohen nga faqet e internetit q\u00eb vizitoni dhe kontribuojn\u00eb n\u00eb identifikimin tuaj kur rihapni faqen e internetit. K\u00ebto skedar\u00eb teksti mund t\u00eb identifikohen si \"t\u00eb p\u00ebrhersh\u00ebm\" ose \"t\u00eb p\u00ebrkohsh\u00ebm\", var\u00ebsisht nga koh\u00ebzgjatja e tyre. Biskotat e p\u00ebrhershme mbeten n\u00eb kompjuterin tuaj edhe pasi t\u00eb fikni shfletuesin tuaj t\u00eb internetit (do t\u00eb kaloni n\u00eb nj\u00eb gjendje \"jasht\u00eb linje\"), ndryshe nga biskotat e p\u00ebrkohshme q\u00eb fshihen kur mbyllni shfletuesin tuaj t\u00eb internetit. Biskotat mund t\u00eb p\u00ebrdoren p\u00ebr q\u00ebllime t\u00eb shum\u00ebfishta, t\u00eb tilla si mbajtja mend e aktiviteteve ose preferencave tuaja, dhe p\u00ebr t\u00eb ofruar p\u00ebrmbajtje t\u00eb personalizuar dhe t\u00eb p\u00ebrshtatur n\u00eb faqen e internetit dhe p\u00ebr t\u00eb shfaqur historikun tuaj t\u00eb shfletimit.<\/span><\/p>\n<p style=\"text-align: left;\" class=\" translation-block\"><span style=\"color: #000000\">Ekzistojn\u00eb 3 lloje cookie-sh n\u00eb var\u00ebsi t\u00eb q\u00ebllimit t\u00eb tyre:<\/span>\n<span style=\"color: #000000\">Cookie-t e k\u00ebrkuara jan\u00eb ato q\u00eb jan\u00eb absolutisht t\u00eb nevojshme p\u00ebr funksionimin e qet\u00eb t\u00eb faqes s\u00eb internetit. K\u00ebto cookie shkarkohen gjithmon\u00eb automatikisht n\u00eb kompjuterin tuaj, nuk ruajn\u00eb t\u00eb dh\u00ebna personale dhe nuk k\u00ebrkojn\u00eb p\u00eblqimin tuaj p\u00ebr instalimin e tyre.<\/span><\/p>\n<p style=\"text-align: left;\"><span style=\"color: #000000;\">P\u00ebrve\u00e7 biskotave t\u00eb detyrueshme, ne p\u00ebrdorim edhe biskota analitike dhe marketingu q\u00eb k\u00ebrkojn\u00eb p\u00eblqimin tuaj.<\/span><\/p>\n<p style=\"text-align: left;\"><span style=\"color: #000000;\">Biskotat analitike mund\u00ebsojn\u00eb d\u00ebrgimin dhe analiz\u00ebn e aktiviteteve t\u00eb p\u00ebrdoruesve n\u00eb faqen e internetit me q\u00ebllim p\u00ebrmir\u00ebsimin e funksionalitetit t\u00eb faqes s\u00eb internetit ose sh\u00ebrbimeve tona, si\u00e7 \u00ebsht\u00eb optimizimi i faqes s\u00eb internetit p\u00ebr lloje t\u00eb ndryshme pajisjesh, sisteme operative, identifikimi i produkteve m\u00eb t\u00eb njohura dhe m\u00eb pak t\u00eb njohura, analizimi i k\u00ebrkimeve t\u00eb klient\u00ebve n\u00eb t\u00eb gjith\u00eb faqen e internetit, etj.<\/span><\/p>\n<p style=\"text-align: left;\"><span style=\"color: #000000;\">Biskotat e marketingut na lejojn\u00eb t\u00eb publikojm\u00eb njoftimet tona n\u00eb faqen e internetit t\u00eb Biana Shoes, si dhe n\u00eb faqet e tjera t\u00eb internetit dhe rrjetet sociale n\u00eb nj\u00eb m\u00ebnyr\u00eb t\u00eb p\u00ebrshtatur sipas interesave tuaja, duke marr\u00eb parasysh vizit\u00ebn tuaj t\u00eb m\u00ebparshme n\u00eb faqen ton\u00eb t\u00eb internetit.<\/span><\/p>\n<p style=\"text-align: left;\"><span style=\"color: #000000;\"><strong>2. Pse p\u00ebrdorim biskota?<\/strong><\/span><\/p>\n<p style=\"text-align: left;\"><span style=\"color: #000000;\">N\u00eb faqen e internetit www.bianashoes.mk ne p\u00ebrdorim biskota p\u00ebr arsyet e m\u00ebposhtme:<\/span><\/p>\n<p style=\"text-align: left;\"><span style=\"color: #000000;\">     \u2022 P\u00ebr funksionim m\u00eb t\u00eb mir\u00eb teknik t\u00eb faqes;<\/span><\/p>\n<p style=\"text-align: left;\"><span style=\"color: #000000;\">     \u2022 P\u00ebr t\u00eb p\u00ebrmir\u00ebsuar p\u00ebrvoj\u00ebn e p\u00ebrdoruesit;<\/span><\/p>\n<p style=\"text-align: left;\"><span style=\"color: #000000;\">     \u2022 P\u00ebr t\u00eb optimizuar dhe p\u00ebrmir\u00ebsuar funksionalitetin e faqes s\u00eb internetit;<\/span><\/p>\n<p style=\"text-align: left;\"><span style=\"color: #000000;\">     \u2022 P\u00ebr t\u00eb mbajtur mend preferencat tuaja p\u00ebr m\u00ebnyr\u00ebn se si shfaqet faqja (madh\u00ebsia e shkronjave, kontrasti i ngjyrave, etj.)<\/span><\/p>\n<p style=\"text-align: left;\"><span style=\"color: #000000;\">     \u2022 P\u00ebr t\u00eb kujtuar n\u00ebse jeni dakord (apo jo) me p\u00ebrdorimin ton\u00eb t\u00eb cookie-ve n\u00eb k\u00ebt\u00eb faqe interneti;<\/span><\/p>\n<p style=\"text-align: left;\"><span style=\"color: #000000;\">     \u2022 Kur vizitoni faqen ton\u00eb t\u00eb internetit, ne mund t\u00eb mbledhim disa t\u00eb dh\u00ebna nga shfletimi juaj i m\u00ebparsh\u00ebm, si\u00e7 \u00ebsht\u00eb adresa juaj IP,<\/span><\/p>\n<p style=\"text-align: left;\"><span style=\"color: #000000;\">     \u2022 \u00c7far\u00eb p\u00ebrmbajtjeje keni k\u00ebrkuar n\u00eb faqen ton\u00eb t\u00eb internetit, kur e keni vizituar at\u00eb dhe nga cila faqe interneti jeni ridrejtuar.<\/span><\/p>\n<p style=\"text-align: left;\"><span style=\"color: #000000;\"><strong>3. \u00c7far\u00eb lloj biskotash p\u00ebrdorim?<\/strong><\/span><\/p>\n<p style=\"text-align: left;\"><span style=\"color: #000000;\">Uebsajti www.bianashoes.mk p\u00ebrdor cookie-t e p\u00ebrhershme dhe t\u00eb nevojshme, t\u00eb cilat e mbajn\u00eb mend k\u00ebrkimin kur p\u00ebrdoruesi mbyll shfletuesin e internetit, me q\u00ebllim ruajtjen e gjendjes s\u00eb p\u00ebrdoruesit dhe t\u00eb cilat jan\u00eb t\u00eb nevojshme p\u00ebr funksionimin e qet\u00eb t\u00eb uebsajtit.<\/span><\/p>\n<p style=\"text-align: left;\"><span style=\"color: #000000;\">Uebsajti www.bianashoes.mk p\u00ebrdor cookie analitike dhe marketingu p\u00ebr t\u00eb cilat duhet t\u00eb jepni p\u00eblqimin tuaj.<\/span><\/p>\n<p style=\"text-align: left;\"><span style=\"color: #000000;\"><strong>4. A mund t\u00eb fshihen ose kontrollohen biskotat?<\/strong><\/span><\/p>\n<p style=\"text-align: left;\"><span style=\"color: #000000;\">Informacioni n\u00eb lidhje me cookie-t nuk p\u00ebrdoret dhe nuk mund t\u00eb p\u00ebrdoret p\u00ebr t'ju identifikuar personalisht. Pranimi i p\u00ebrdorimit t\u00eb cookie-ve analitike dhe t\u00eb marketingut nuk \u00ebsht\u00eb i nevojsh\u00ebm p\u00ebr funksionimin e faqes son\u00eb t\u00eb internetit, por ato do t'ju ofrojn\u00eb nj\u00eb p\u00ebrvoj\u00eb m\u00eb t\u00eb mir\u00eb shfletimi. N\u00ebse nuk jeni dakord me p\u00ebrdorimin e k\u00ebtyre cookie-ve, mund t'i fshini ose bllokoni ato. Mund t\u00eb fshini t\u00eb gjitha cookie-t q\u00eb jan\u00eb tashm\u00eb n\u00eb kompjuterin tuaj dhe mund t\u00eb konfiguroni shumic\u00ebn e shfletuesve t\u00eb internetit p\u00ebr t'i parandaluar ato. N\u00ebse e b\u00ebni k\u00ebt\u00eb, mund t'ju duhet t\u00eb rregulloni manualisht preferencat tuaja sa her\u00eb q\u00eb vizitoni k\u00ebt\u00eb faqe interneti, dhe \u00ebsht\u00eb gjithashtu e mundur q\u00eb disa sh\u00ebrbime dhe funksionalitete t\u00eb mos funksionojn\u00eb.<\/span><\/p>\n<p style=\"text-align: left;\"><span style=\"color: #000000;\"><strong>5. Pranimi i kushteve dhe afateve<\/strong><\/span><\/p>\n<p style=\"text-align: left;\" class=\" translation-block\"><span style=\"color: #000000\">Si p\u00ebrdorues, ju keni mund\u00ebsin\u00eb t\u00eb pranoni p\u00ebrdorimin e cookie-ve ose t'i refuzoni ato. Duke p\u00ebrdorur cookie-t, ju pranoni Politik\u00ebn e Cookie-ve p\u00ebr t\u00eb gjitha llojet e cookie-ve: cookie-t e nevojshme, analitike dhe t\u00eb marketingut. Duke zgjedhur kutin\u00eb \"Nuk pajtohem\", ju nuk pranoni p\u00ebrdorimin e cookie-ve analitike dhe t\u00eb marketingut. P\u00ebrdorimi juaj i vazhduesh\u00ebm i k\u00ebsaj faqeje interneti pas ndryshimeve t\u00eb saj do t\u00eb konsiderohet si pranimi juaj i ndryshimeve t\u00eb dh\u00ebna. Kur hyni p\u00ebr her\u00eb t\u00eb par\u00eb n\u00eb faqen e internetit t\u00eb <\/span><span>www.bianashoes.mk<\/span><span style=\"color: #000000\"> mund t\u00eb merrni nj\u00eb mesazh q\u00eb ju informon se ne p\u00ebrdorim cookies. Duke klikuar \"Pajtohem\" ose \"Nuk pajtohem\", ju deklaroni se e keni kuptuar dhe jeni dakord ose jo me p\u00ebrdorimin e k\u00ebtyre skedar\u00ebve, si\u00e7 shpjegohet n\u00eb k\u00ebt\u00eb Politik\u00eb p\u00ebr Cookie-t, dhe mund t\u00eb ndryshoni cil\u00ebsimet n\u00eb shfletuesin tuaj t\u00eb internetit p\u00ebr t\u00eb lejuar, kufizuar ose ndaluar cookies.<\/span><\/p>\n<p style=\"text-align: left;\"><span style=\"color: #000000;\">N\u00eb p\u00ebrputhje me Ligjin p\u00ebr Mbrojtjen e t\u00eb Dh\u00ebnave Personale, Biana Shus DOO Kumanov\u00eb ju siguron se t\u00eb dh\u00ebnat e l\u00ebna n\u00eb faqen ton\u00eb t\u00eb internetit nuk do t\u00eb keqp\u00ebrdoren, publikohen ose ndahen me asnj\u00eb pal\u00eb t\u00eb tret\u00eb, person juridik ose fizik.<\/span><\/p>\n\n\t\t\t\t\t<\/div>\n\t\t\t\t\t\t<\/div>\n\t\t\t\t<\/div>\n\t\t\t\t\t<\/div>\n\t\t<\/div>\n\t\t\t\t\t<\/div>\n\t\t<\/section>\n\t\t\t\t<\/div>","protected":false},"excerpt":{"rendered":"<p>1. \u0428\u0442\u043e \u043f\u0440\u0435\u0442\u0441\u0442\u0430\u0432\u0443\u0432\u0430\u0430\u0442 \u201e\u043a\u043e\u043b\u0430\u0447\u0438\u045a\u0430\u201c(cookies)? \u041a\u043e\u043b\u0430\u0447\u0438\u045a\u0430\u0442\u0430(cookies) \u043f\u0440\u0435\u0442\u0441\u0442\u0430\u0432\u0443\u0432\u0430\u0430\u0442 \u043c\u0430\u043b\u0438 \u0442\u0435\u043a\u0441\u0442\u0443\u0430\u043b\u043d\u0438 \u0434\u0430\u0442\u043e\u0442\u0435\u043a\u0438(\u0444\u0430\u0458\u043b\u043e\u0432\u0438), \u043a\u043e\u0438 \u0441\u0435 \u0441\u043c\u0435\u0441\u0442\u0443\u0432\u0430\u0430\u0442 \u0432\u043e \u0412\u0430\u0448\u0438\u043e\u0442 \u043a\u043e\u043c\u043f\u0458\u0443\u0442\u0435\u0440 \u0438\u043b\u0438 \u043c\u043e\u0431\u0438\u043b\u0435\u043d \u0442\u0435\u043b\u0435\u0444\u043e\u043d \u043e\u0434 \u0441\u0442\u0440\u0430\u043d\u0430<\/p>","protected":false},"author":1,"featured_media":0,"parent":0,"menu_order":0,"comment_status":"closed","ping_status":"open","template":"","meta":{"footnotes":""},"class_list":["post-16186","page","type-page","status-publish","hentry"],"jetpack_sharing_enabled":true,"_links":{"self":[{"href":"https:\/\/bianashoes.mk\/sq\/wp-json\/wp\/v2\/pages\/16186","targetHints":{"allow":["GET"]}}],"collection":[{"href":"https:\/\/bianashoes.mk\/sq\/wp-json\/wp\/v2\/pages"}],"about":[{"href":"https:\/\/bianashoes.mk\/sq\/wp-json\/wp\/v2\/types\/page"}],"author":[{"embeddable":true,"href":"https:\/\/bianashoes.mk\/sq\/wp-json\/wp\/v2\/users\/1"}],"replies":[{"embeddable":true,"href":"https:\/\/bianashoes.mk\/sq\/wp-json\/wp\/v2\/comments?post=16186"}],"version-history":[{"count":18,"href":"https:\/\/bianashoes.mk\/sq\/wp-json\/wp\/v2\/pages\/16186\/revisions"}],"predecessor-version":[{"id":18289,"href":"https:\/\/bianashoes.mk\/sq\/wp-json\/wp\/v2\/pages\/16186\/revisions\/18289"}],"wp:attachment":[{"href":"https:\/\/bianashoes.mk\/sq\/wp-json\/wp\/v2\/media?parent=16186"}],"curies":[{"name":"wp","href":"https:\/\/api.w.org\/{rel}","templated":true}]}}