{"id":14,"date":"2023-05-16T16:43:34","date_gmt":"2023-05-16T16:43:34","guid":{"rendered":"http:\/\/bianashoes.mk\/?page_id=14"},"modified":"2026-02-17T14:33:07","modified_gmt":"2026-02-17T13:33:07","slug":"returns-refund","status":"publish","type":"page","link":"https:\/\/bianashoes.mk\/sq\/returns-refund\/","title":{"rendered":"Shk\u00ebmbime dhe Kthime"},"content":{"rendered":"<div data-elementor-type=\"wp-page\" data-elementor-id=\"14\" class=\"elementor elementor-14\">\n\t\t\t\t\t\t<section class=\"wd-negative-gap elementor-section elementor-top-section elementor-element elementor-element-83651e8 elementor-section-boxed elementor-section-height-default elementor-section-height-default\" data-id=\"83651e8\" data-element_type=\"section\" data-e-type=\"section\">\n\t\t\t\t\t\t<div class=\"elementor-container elementor-column-gap-default\">\n\t\t\t\t\t<div class=\"elementor-column elementor-col-100 elementor-top-column elementor-element elementor-element-cc662df\" data-id=\"cc662df\" data-element_type=\"column\" data-e-type=\"column\">\n\t\t\t<div class=\"elementor-widget-wrap elementor-element-populated\">\n\t\t\t\t\t\t<div class=\"elementor-element elementor-element-28d58f5 elementor-widget elementor-widget-wd_text_block\" data-id=\"28d58f5\" data-element_type=\"widget\" data-e-type=\"widget\" data-widget_type=\"wd_text_block.default\">\n\t\t\t\t<div class=\"elementor-widget-container\">\n\t\t\t\t\t\t\t<div class=\"wd-text-block reset-last-child text-left\">\n\t\t\t\n\t\t\t<p style=\"text-align: left; color: black;\"><b>Kthimi i produktit<\/b><\/p><p style=\"text-align: left; color: black;\" class=\"translation-block\">N\u00ebse produkti nuk ju p\u00ebrshtatet dhe d\u00ebshironi rimbursim, duhet ta d\u00ebrgoni me an\u00eb t\u00eb sh\u00ebrbimit t\u00eb korrierit <strong>Eko Logistik<\/strong>, t\u00eb cilin do ta drejtoni n\u00eb adres\u00ebn: Biana Shus rr. 100 nr.70, lagje Karposh, Kumanov\u00eb.<\/p><p style=\"text-align: left; color: black;\">Afati i fundit p\u00ebr kthimin e nj\u00eb produkti \u00ebsht\u00eb 15 dit\u00eb nga marrja e d\u00ebrges\u00ebs.<\/p><p style=\"text-align: left; color: black; font-size: 14pt;\"><b>Kostoja e d\u00ebrgimit t\u00eb produktit nga ne dhe kostoja e kthimit t\u00eb tij nga ju jan\u00eb tuajat!<\/b><\/p><p style=\"text-align: left; color: #f0588d; font-size: 14pt;\"><b>Sh\u00ebnim:<\/b><br>Kthimet dhe shk\u00ebmbimet mund t\u00eb b\u00ebhen vet\u00ebm duke paraqitur fatur\u00ebn fiskale q\u00eb ju \u00ebsht\u00eb dh\u00ebn\u00eb, p\u00ebrndryshe nuk mund t'ju rimbursojm\u00eb fondet.<\/p><p style=\"text-align: left; color: black;\" class=\"translation-block\">D\u00ebrgesa q\u00eb po ktheni duhet t\u00eb jet\u00eb e paketuar n\u00eb paketimin origjinal dhe duhet t\u00eb p\u00ebrfshini fatur\u00ebn origjinale. M\u00eb pas, na d\u00ebrgoni fatur\u00ebn e transaksionit n\u00eb adres\u00ebn ton\u00eb t\u00eb email-it <strong>online.bianashoes@yahoo.com<\/strong>. Sapo d\u00ebrgesa t\u00eb mb\u00ebrrij\u00eb n\u00eb vendin ton\u00eb dhe t\u00eb p\u00ebrcaktohet se produkti i kthyer nuk \u00ebsht\u00eb p\u00ebrdorur, nuk \u00ebsht\u00eb d\u00ebmtuar, pamja e tij, p\u00ebrdorshm\u00ebria dhe etiketat e fabrik\u00ebs jan\u00eb ruajtur, fondet do t\u00eb rimbursohen n\u00eb llogarin\u00eb tuaj t\u00eb transaksionit brenda <b>5 DIT\u00cbSH PUNE<\/b>.<\/p>\n\t\t\t\t\t<\/div>\n\t\t\t\t\t\t<\/div>\n\t\t\t\t<\/div>\n\t\t\t\t\t<\/div>\n\t\t<\/div>\n\t\t\t\t\t<\/div>\n\t\t<\/section>\n\t\t\t\t<\/div>","protected":false},"excerpt":{"rendered":"<p>\u0412\u0440\u0430\u045c\u0430\u045a\u0435 \u043d\u0430 \u043f\u0440\u043e\u0438\u0437\u0432\u043e\u0434 \u0414\u043e\u043a\u043e\u043b\u043a\u0443 \u043f\u0440\u043e\u0438\u0437\u0432\u043e\u0434\u043e\u0442 \u043d\u0435 \u0432\u0438 \u043e\u0434\u0433\u043e\u0432\u0430\u0440\u0430 \u0438 \u0441\u0430\u043a\u0430\u0442\u0435 \u0440\u0435\u0444\u0443\u043d\u0434\u0430\u0446\u0438\u0458\u0430, \u043f\u043e\u0442\u0440\u0435\u0431\u043d\u043e \u0435 \u0438\u0441\u0442\u0438\u043e\u0442 \u0434\u0430 \u0433\u043e \u0438\u0441\u043f\u0440\u0430\u0442\u0438\u0442\u0435 \u043f\u043e \u043a\u0443\u0440\u0438\u0440\u0441\u043a\u0430 \u0441\u043b\u0443\u0436\u0431\u0430<\/p>","protected":false},"author":1,"featured_media":0,"parent":0,"menu_order":0,"comment_status":"closed","ping_status":"open","template":"","meta":{"footnotes":""},"class_list":["post-14","page","type-page","status-publish","hentry"],"jetpack_sharing_enabled":true,"_links":{"self":[{"href":"https:\/\/bianashoes.mk\/sq\/wp-json\/wp\/v2\/pages\/14","targetHints":{"allow":["GET"]}}],"collection":[{"href":"https:\/\/bianashoes.mk\/sq\/wp-json\/wp\/v2\/pages"}],"about":[{"href":"https:\/\/bianashoes.mk\/sq\/wp-json\/wp\/v2\/types\/page"}],"author":[{"embeddable":true,"href":"https:\/\/bianashoes.mk\/sq\/wp-json\/wp\/v2\/users\/1"}],"replies":[{"embeddable":true,"href":"https:\/\/bianashoes.mk\/sq\/wp-json\/wp\/v2\/comments?post=14"}],"version-history":[{"count":45,"href":"https:\/\/bianashoes.mk\/sq\/wp-json\/wp\/v2\/pages\/14\/revisions"}],"predecessor-version":[{"id":41036,"href":"https:\/\/bianashoes.mk\/sq\/wp-json\/wp\/v2\/pages\/14\/revisions\/41036"}],"wp:attachment":[{"href":"https:\/\/bianashoes.mk\/sq\/wp-json\/wp\/v2\/media?parent=14"}],"curies":[{"name":"wp","href":"https:\/\/api.w.org\/{rel}","templated":true}]}}